{"id":1383,"date":"2019-10-14T21:46:25","date_gmt":"2019-10-14T19:46:25","guid":{"rendered":"https:\/\/www.hotelalbero.com\/chambre-individuelle\/"},"modified":"2025-09-01T15:11:37","modified_gmt":"2025-09-01T13:11:37","slug":"chambre-individuelle","status":"publish","type":"page","link":"https:\/\/www.hotelalbero.com\/fr\/chambre-individuelle\/","title":{"rendered":"Chambre Individuelle"},"content":{"rendered":"<p>[et_pb_section fb_built=\u00a0\u00bb1&Prime; _builder_version=\u00a0\u00bb4.16&Prime; background_color=\u00a0\u00bb#000000&Prime; background_image=\u00a0\u00bbhttps:\/\/www.hotelalbero.com\/wp-content\/uploads\/2019\/05\/individual2.jpg\u00a0\u00bb background_position=\u00a0\u00bbbottom_center\u00a0\u00bb custom_margin=\u00a0\u00bb110px||0px\u00a0\u00bb custom_padding=\u00a0\u00bb270px||125px\u00a0\u00bb global_colors_info=\u00a0\u00bb{}\u00a0\u00bb][et_pb_row column_structure=\u00a0\u00bb3_4,1_4&Prime; _builder_version=\u00a0\u00bb4.16&Prime; width=\u00a0\u00bb70%\u00a0\u00bb custom_margin=\u00a0\u00bb-25px||\u00a0\u00bb custom_margin_tablet=\u00a0\u00bb\u00a0\u00bb custom_margin_phone=\u00a0\u00bb-255px||\u00a0\u00bb custom_margin_last_edited=\u00a0\u00bbon|phone\u00a0\u00bb custom_padding=\u00a0\u00bb22px||9px\u00a0\u00bb global_colors_info=\u00a0\u00bb{}\u00a0\u00bb][et_pb_column type=\u00a0\u00bb3_4&Prime; _builder_version=\u00a0\u00bb4.16&Prime; custom_padding=\u00a0\u00bb|||\u00a0\u00bb global_colors_info=\u00a0\u00bb{}\u00a0\u00bb custom_padding__hover=\u00a0\u00bb|||\u00a0\u00bb][\/et_pb_column][et_pb_column type=\u00a0\u00bb1_4&Prime; _builder_version=\u00a0\u00bb4.16&Prime; background_color=\u00a0\u00bb#121c2b\u00a0\u00bb custom_padding=\u00a0\u00bb|||\u00a0\u00bb global_colors_info=\u00a0\u00bb{}\u00a0\u00bb custom_padding__hover=\u00a0\u00bb|||\u00a0\u00bb][et_pb_text _builder_version=\u00a0\u00bb4.27.4&Prime; text_font=\u00a0\u00bb|300|||||||\u00a0\u00bb text_text_color=\u00a0\u00bb#ffffff\u00a0\u00bb text_font_size=\u00a0\u00bb21px\u00a0\u00bb text_letter_spacing=\u00a0\u00bb8px\u00a0\u00bb text_line_height=\u00a0\u00bb1em\u00a0\u00bb header_font=\u00a0\u00bb||||||||\u00a0\u00bb header_font_size=\u00a0\u00bb31px\u00a0\u00bb custom_margin=\u00a0\u00bb20px||22px\u00a0\u00bb custom_padding=\u00a0\u00bb|||8px\u00a0\u00bb link_option_url=\u00a0\u00bbhttps:\/\/albero-granada.amenitiz.io\/es\/booking\/room#DatesGuests-BE\u00a0\u00bb hover_enabled=\u00a0\u00bb0&Prime; text_font_size_tablet=\u00a0\u00bb\u00a0\u00bb text_font_size_phone=\u00a0\u00bb\u00a0\u00bb text_font_size_last_edited=\u00a0\u00bbon|phone\u00a0\u00bb global_colors_info=\u00a0\u00bb{}\u00a0\u00bb sticky_enabled=\u00a0\u00bb0&Prime;]<\/p>\n<p style=\"text-align: center;\"><strong>R\u00c9SERVER<\/strong><\/p>\n<p>[\/et_pb_text][\/et_pb_column][\/et_pb_row][et_pb_row _builder_version=\u00a0\u00bb4.16&Prime; background_color=\u00a0\u00bb#a57d4e\u00a0\u00bb width=\u00a0\u00bb70%\u00a0\u00bb custom_margin=\u00a0\u00bb-9px||\u00a0\u00bb custom_padding=\u00a0\u00bb22px||9px\u00a0\u00bb global_colors_info=\u00a0\u00bb{}\u00a0\u00bb][et_pb_column type=\u00a0\u00bb4_4&Prime; _builder_version=\u00a0\u00bb4.16&Prime; custom_padding=\u00a0\u00bb|||\u00a0\u00bb global_colors_info=\u00a0\u00bb{}\u00a0\u00bb custom_padding__hover=\u00a0\u00bb|||\u00a0\u00bb][et_pb_text _builder_version=\u00a0\u00bb4.16&Prime; text_font=\u00a0\u00bb|300|||||||\u00a0\u00bb text_text_color=\u00a0\u00bb#ffffff\u00a0\u00bb text_font_size=\u00a0\u00bb27px\u00a0\u00bb text_letter_spacing=\u00a0\u00bb8px\u00a0\u00bb text_line_height=\u00a0\u00bb1.5em\u00a0\u00bb header_font=\u00a0\u00bb||||||||\u00a0\u00bb header_font_size=\u00a0\u00bb31px\u00a0\u00bb custom_margin=\u00a0\u00bb4px||22px\u00a0\u00bb text_font_size_tablet=\u00a0\u00bb\u00a0\u00bb text_font_size_phone=\u00a0\u00bb23px\u00a0\u00bb text_font_size_last_edited=\u00a0\u00bbon|desktop\u00a0\u00bb global_colors_info=\u00a0\u00bb{}\u00a0\u00bb]<\/p>\n<p style=\"text-align: center;\">CHAMBRE INDIVIDUELLE<\/p>\n<p>[\/et_pb_text][et_pb_divider color=\u00a0\u00bb#ffffff\u00a0\u00bb divider_weight=\u00a0\u00bb1px\u00a0\u00bb _builder_version=\u00a0\u00bb4.16&Prime; custom_margin=\u00a0\u00bb||-20px\u00a0\u00bb global_colors_info=\u00a0\u00bb{}\u00a0\u00bb][\/et_pb_divider][\/et_pb_column][\/et_pb_row][et_pb_row column_structure=\u00a0\u00bb1_6,1_6,1_6,1_6,1_6,1_6&Prime; _builder_version=\u00a0\u00bb4.16&Prime; background_color=\u00a0\u00bb#a57d4e\u00a0\u00bb width=\u00a0\u00bb70%\u00a0\u00bb custom_margin=\u00a0\u00bb||-230px\u00a0\u00bb custom_padding=\u00a0\u00bb15px||\u00a0\u00bb global_colors_info=\u00a0\u00bb{}\u00a0\u00bb][et_pb_column type=\u00a0\u00bb1_6&Prime; _builder_version=\u00a0\u00bb4.16&Prime; custom_padding=\u00a0\u00bb|||\u00a0\u00bb global_colors_info=\u00a0\u00bb{}\u00a0\u00bb custom_padding__hover=\u00a0\u00bb|||\u00a0\u00bb][et_pb_image src=\u00a0\u00bbhttps:\/\/www.hotelalbero.com\/wp-content\/uploads\/2019\/05\/aire-acondicionado.png\u00a0\u00bb align=\u00a0\u00bbcenter\u00a0\u00bb align_tablet=\u00a0\u00bbcenter\u00a0\u00bb align_phone=\u00a0\u00bb\u00a0\u00bb align_last_edited=\u00a0\u00bbon|desktop\u00a0\u00bb _builder_version=\u00a0\u00bb4.16&Prime; width=\u00a0\u00bb25%\u00a0\u00bb filter_brightness=\u00a0\u00bb200%\u00a0\u00bb global_colors_info=\u00a0\u00bb{}\u00a0\u00bb][\/et_pb_image][\/et_pb_column][et_pb_column type=\u00a0\u00bb1_6&Prime; _builder_version=\u00a0\u00bb4.16&Prime; custom_padding=\u00a0\u00bb|||\u00a0\u00bb global_colors_info=\u00a0\u00bb{}\u00a0\u00bb custom_padding__hover=\u00a0\u00bb|||\u00a0\u00bb][et_pb_image src=\u00a0\u00bbhttps:\/\/www.hotelalbero.com\/wp-content\/uploads\/2019\/05\/tv.png\u00a0\u00bb align=\u00a0\u00bbcenter\u00a0\u00bb align_tablet=\u00a0\u00bbcenter\u00a0\u00bb align_phone=\u00a0\u00bb\u00a0\u00bb align_last_edited=\u00a0\u00bbon|desktop\u00a0\u00bb _builder_version=\u00a0\u00bb4.16&Prime; width=\u00a0\u00bb25%\u00a0\u00bb filter_brightness=\u00a0\u00bb200%\u00a0\u00bb global_colors_info=\u00a0\u00bb{}\u00a0\u00bb][\/et_pb_image][\/et_pb_column][et_pb_column type=\u00a0\u00bb1_6&Prime; _builder_version=\u00a0\u00bb4.16&Prime; custom_padding=\u00a0\u00bb|||\u00a0\u00bb global_colors_info=\u00a0\u00bb{}\u00a0\u00bb custom_padding__hover=\u00a0\u00bb|||\u00a0\u00bb][et_pb_image src=\u00a0\u00bbhttps:\/\/www.hotelalbero.com\/wp-content\/uploads\/2019\/05\/servicio-despertador.png\u00a0\u00bb align=\u00a0\u00bbcenter\u00a0\u00bb align_tablet=\u00a0\u00bbcenter\u00a0\u00bb align_phone=\u00a0\u00bb\u00a0\u00bb align_last_edited=\u00a0\u00bbon|desktop\u00a0\u00bb _builder_version=\u00a0\u00bb4.16&Prime; width=\u00a0\u00bb25%\u00a0\u00bb filter_brightness=\u00a0\u00bb200%\u00a0\u00bb global_colors_info=\u00a0\u00bb{}\u00a0\u00bb][\/et_pb_image][\/et_pb_column][et_pb_column type=\u00a0\u00bb1_6&Prime; _builder_version=\u00a0\u00bb4.16&Prime; custom_padding=\u00a0\u00bb|||\u00a0\u00bb global_colors_info=\u00a0\u00bb{}\u00a0\u00bb custom_padding__hover=\u00a0\u00bb|||\u00a0\u00bb][et_pb_image src=\u00a0\u00bbhttps:\/\/www.hotelalbero.com\/wp-content\/uploads\/2019\/05\/wifi.png\u00a0\u00bb align=\u00a0\u00bbcenter\u00a0\u00bb align_tablet=\u00a0\u00bbcenter\u00a0\u00bb align_phone=\u00a0\u00bb\u00a0\u00bb align_last_edited=\u00a0\u00bbon|desktop\u00a0\u00bb _builder_version=\u00a0\u00bb4.16&Prime; width=\u00a0\u00bb25%\u00a0\u00bb filter_brightness=\u00a0\u00bb200%\u00a0\u00bb global_colors_info=\u00a0\u00bb{}\u00a0\u00bb][\/et_pb_image][\/et_pb_column][et_pb_column type=\u00a0\u00bb1_6&Prime; _builder_version=\u00a0\u00bb4.16&Prime; custom_padding=\u00a0\u00bb|||\u00a0\u00bb global_colors_info=\u00a0\u00bb{}\u00a0\u00bb custom_padding__hover=\u00a0\u00bb|||\u00a0\u00bb][et_pb_image src=\u00a0\u00bbhttps:\/\/www.hotelalbero.com\/wp-content\/uploads\/2019\/05\/secador-pelo.png\u00a0\u00bb align=\u00a0\u00bbcenter\u00a0\u00bb align_tablet=\u00a0\u00bbcenter\u00a0\u00bb align_phone=\u00a0\u00bb\u00a0\u00bb align_last_edited=\u00a0\u00bbon|desktop\u00a0\u00bb _builder_version=\u00a0\u00bb4.16&Prime; width=\u00a0\u00bb25%\u00a0\u00bb filter_brightness=\u00a0\u00bb200%\u00a0\u00bb global_colors_info=\u00a0\u00bb{}\u00a0\u00bb][\/et_pb_image][\/et_pb_column][et_pb_column type=\u00a0\u00bb1_6&Prime; _builder_version=\u00a0\u00bb4.16&Prime; custom_padding=\u00a0\u00bb|||\u00a0\u00bb global_colors_info=\u00a0\u00bb{}\u00a0\u00bb custom_padding__hover=\u00a0\u00bb|||\u00a0\u00bb][et_pb_image src=\u00a0\u00bbhttps:\/\/www.hotelalbero.com\/wp-content\/uploads\/2019\/05\/mini-bar.png\u00a0\u00bb align=\u00a0\u00bbcenter\u00a0\u00bb align_tablet=\u00a0\u00bbcenter\u00a0\u00bb align_phone=\u00a0\u00bb\u00a0\u00bb align_last_edited=\u00a0\u00bbon|desktop\u00a0\u00bb _builder_version=\u00a0\u00bb4.16&Prime; width=\u00a0\u00bb25%\u00a0\u00bb filter_brightness=\u00a0\u00bb200%\u00a0\u00bb global_colors_info=\u00a0\u00bb{}\u00a0\u00bb][\/et_pb_image][\/et_pb_column][\/et_pb_row][\/et_pb_section][et_pb_section fb_built=\u00a0\u00bb1&Prime; _builder_version=\u00a0\u00bb4.16&Prime; custom_margin=\u00a0\u00bb200px|||||\u00a0\u00bb global_colors_info=\u00a0\u00bb{}\u00a0\u00bb][et_pb_row _builder_version=\u00a0\u00bb4.16&Prime; width=\u00a0\u00bb70%\u00a0\u00bb custom_margin=\u00a0\u00bb-225px||\u00a0\u00bb custom_margin_tablet=\u00a0\u00bb\u00a0\u00bb custom_margin_phone=\u00a0\u00bb-195px||\u00a0\u00bb custom_margin_last_edited=\u00a0\u00bbon|desktop\u00a0\u00bb custom_padding=\u00a0\u00bb0px||\u00a0\u00bb global_colors_info=\u00a0\u00bb{}\u00a0\u00bb][et_pb_column type=\u00a0\u00bb4_4&Prime; _builder_version=\u00a0\u00bb4.16&Prime; custom_padding=\u00a0\u00bb|||\u00a0\u00bb global_colors_info=\u00a0\u00bb{}\u00a0\u00bb custom_padding__hover=\u00a0\u00bb|||\u00a0\u00bb][et_pb_slider _builder_version=\u00a0\u00bb4.16&Prime; custom_margin=\u00a0\u00bb43px|||0px||\u00a0\u00bb custom_padding=\u00a0\u00bb300px||300px||true\u00a0\u00bb auto=\u00a0\u00bbon\u00a0\u00bb global_colors_info=\u00a0\u00bb{}\u00a0\u00bb][et_pb_slide _builder_version=\u00a0\u00bb4.16&Prime; background_color=\u00a0\u00bb#a57d4e\u00a0\u00bb background_image=\u00a0\u00bbhttps:\/\/www.hotelalbero.com\/wp-content\/uploads\/2019\/05\/individual1.jpg\u00a0\u00bb global_colors_info=\u00a0\u00bb{}\u00a0\u00bb sticky_transition=\u00a0\u00bbon\u00a0\u00bb][\/et_pb_slide][et_pb_slide _builder_version=\u00a0\u00bb4.16&Prime; background_color=\u00a0\u00bb#a57d4e\u00a0\u00bb background_image=\u00a0\u00bbhttps:\/\/www.hotelalbero.com\/wp-content\/uploads\/2019\/05\/individual2-1.jpg\u00a0\u00bb global_colors_info=\u00a0\u00bb{}\u00a0\u00bb sticky_transition=\u00a0\u00bbon\u00a0\u00bb][\/et_pb_slide][et_pb_slide _builder_version=\u00a0\u00bb4.16&Prime; background_color=\u00a0\u00bb#a57d4e\u00a0\u00bb background_image=\u00a0\u00bbhttps:\/\/www.hotelalbero.com\/wp-content\/uploads\/2019\/05\/individual2.jpg\u00a0\u00bb global_colors_info=\u00a0\u00bb{}\u00a0\u00bb sticky_transition=\u00a0\u00bbon\u00a0\u00bb][\/et_pb_slide][et_pb_slide _builder_version=\u00a0\u00bb4.16&Prime; background_color=\u00a0\u00bb#a57d4e\u00a0\u00bb background_image=\u00a0\u00bbhttps:\/\/www.hotelalbero.com\/wp-content\/uploads\/2019\/05\/bano1.jpg\u00a0\u00bb global_colors_info=\u00a0\u00bb{}\u00a0\u00bb sticky_transition=\u00a0\u00bbon\u00a0\u00bb][\/et_pb_slide][et_pb_slide _builder_version=\u00a0\u00bb4.16&Prime; background_color=\u00a0\u00bb#a57d4e\u00a0\u00bb background_image=\u00a0\u00bbhttps:\/\/www.hotelalbero.com\/wp-content\/uploads\/2019\/05\/bano2.jpg\u00a0\u00bb global_colors_info=\u00a0\u00bb{}\u00a0\u00bb sticky_transition=\u00a0\u00bbon\u00a0\u00bb][\/et_pb_slide][et_pb_slide _builder_version=\u00a0\u00bb4.16&Prime; background_color=\u00a0\u00bb#a57d4e\u00a0\u00bb background_image=\u00a0\u00bbhttps:\/\/www.hotelalbero.com\/wp-content\/uploads\/2019\/05\/bano3.jpg\u00a0\u00bb global_colors_info=\u00a0\u00bb{}\u00a0\u00bb sticky_transition=\u00a0\u00bbon\u00a0\u00bb][\/et_pb_slide][et_pb_slide _builder_version=\u00a0\u00bb4.16&Prime; background_color=\u00a0\u00bb#a57d4e\u00a0\u00bb background_image=\u00a0\u00bbhttps:\/\/www.hotelalbero.com\/wp-content\/uploads\/2019\/05\/bano4.jpg\u00a0\u00bb global_colors_info=\u00a0\u00bb{}\u00a0\u00bb sticky_transition=\u00a0\u00bbon\u00a0\u00bb][\/et_pb_slide][et_pb_slide _builder_version=\u00a0\u00bb4.16&Prime; background_color=\u00a0\u00bb#a57d4e\u00a0\u00bb background_image=\u00a0\u00bbhttps:\/\/www.hotelalbero.com\/wp-content\/uploads\/2019\/05\/caja.jpg\u00a0\u00bb global_colors_info=\u00a0\u00bb{}\u00a0\u00bb sticky_transition=\u00a0\u00bbon\u00a0\u00bb][\/et_pb_slide][\/et_pb_slider][\/et_pb_column][\/et_pb_row][\/et_pb_section][et_pb_section fb_built=\u00a0\u00bb1&Prime; _builder_version=\u00a0\u00bb4.16&Prime; custom_margin_tablet=\u00a0\u00bb\u00a0\u00bb custom_margin_phone=\u00a0\u00bb-60px||\u00a0\u00bb custom_margin_last_edited=\u00a0\u00bbon|desktop\u00a0\u00bb global_colors_info=\u00a0\u00bb{}\u00a0\u00bb][et_pb_row column_structure=\u00a0\u00bb1_2,1_2&Prime; _builder_version=\u00a0\u00bb4.16&Prime; global_colors_info=\u00a0\u00bb{}\u00a0\u00bb][et_pb_column type=\u00a0\u00bb1_2&Prime; _builder_version=\u00a0\u00bb4.16&Prime; custom_padding=\u00a0\u00bb|||\u00a0\u00bb global_colors_info=\u00a0\u00bb{}\u00a0\u00bb custom_padding__hover=\u00a0\u00bb|||\u00a0\u00bb][et_pb_image src=\u00a0\u00bbhttps:\/\/www.hotelalbero.com\/wp-content\/uploads\/2019\/03\/8.jpg\u00a0\u00bb url=\u00a0\u00bbhttps:\/\/www.hotelalbero.com\/fr\/chambre-double\/\u00a0\u00bb align_tablet=\u00a0\u00bbcenter\u00a0\u00bb align_phone=\u00a0\u00bb\u00a0\u00bb align_last_edited=\u00a0\u00bbon|desktop\u00a0\u00bb _builder_version=\u00a0\u00bb4.16&Prime; global_colors_info=\u00a0\u00bb{}\u00a0\u00bb][\/et_pb_image][et_pb_text _builder_version=\u00a0\u00bb4.16&Prime; text_font=\u00a0\u00bb||||||||\u00a0\u00bb text_font_size=\u00a0\u00bb21px\u00a0\u00bb text_letter_spacing=\u00a0\u00bb4px\u00a0\u00bb link_option_url=\u00a0\u00bbhttps:\/\/www.hotelalbero.com\/fr\/chambre-double\/\u00a0\u00bb global_colors_info=\u00a0\u00bb{}\u00a0\u00bb]<\/p>\n<p style=\"text-align: center;\">CHAMBRE DOUBLE<\/p>\n<p>[\/et_pb_text][\/et_pb_column][et_pb_column type=\u00a0\u00bb1_2&Prime; _builder_version=\u00a0\u00bb4.16&Prime; custom_padding=\u00a0\u00bb|||\u00a0\u00bb global_colors_info=\u00a0\u00bb{}\u00a0\u00bb custom_padding__hover=\u00a0\u00bb|||\u00a0\u00bb][et_pb_image src=\u00a0\u00bbhttps:\/\/www.hotelalbero.com\/wp-content\/uploads\/2019\/05\/triple.jpg\u00a0\u00bb url=\u00a0\u00bbhttps:\/\/www.hotelalbero.com\/fr\/chambre-triple\/\u00a0\u00bb align_tablet=\u00a0\u00bbcenter\u00a0\u00bb align_phone=\u00a0\u00bb\u00a0\u00bb align_last_edited=\u00a0\u00bbon|desktop\u00a0\u00bb _builder_version=\u00a0\u00bb4.16&Prime; global_colors_info=\u00a0\u00bb{}\u00a0\u00bb][\/et_pb_image][et_pb_text _builder_version=\u00a0\u00bb4.16&Prime; text_font=\u00a0\u00bb||||||||\u00a0\u00bb text_font_size=\u00a0\u00bb21px\u00a0\u00bb text_letter_spacing=\u00a0\u00bb4px\u00a0\u00bb link_option_url=\u00a0\u00bbhttps:\/\/www.hotelalbero.com\/fr\/chambre-triple\/\u00a0\u00bb global_colors_info=\u00a0\u00bb{}\u00a0\u00bb]<\/p>\n<p style=\"text-align: center;\">CHAMBRE TRIPLE<\/p>\n<p style=\"text-align: center;\">[\/et_pb_text][\/et_pb_column][\/et_pb_row][\/et_pb_section]<\/p>\n","protected":false},"excerpt":{"rendered":"<p>R\u00c9SERVERCHAMBRE INDIVIDUELLECHAMBRE DOUBLECHAMBRE TRIPLE<\/p>\n","protected":false},"author":1,"featured_media":0,"parent":0,"menu_order":0,"comment_status":"closed","ping_status":"closed","template":"","meta":{"_et_pb_use_builder":"on","_et_pb_old_content":"","_et_gb_content_width":"","footnotes":""},"class_list":["post-1383","page","type-page","status-publish","hentry"],"yoast_head":"<!-- This site is optimized with the Yoast SEO plugin v23.8 - https:\/\/yoast.com\/wordpress\/plugins\/seo\/ -->\n<title>Chambre Individuelle - Hotel Albero<\/title>\n<meta name=\"description\" content=\"Chambre individuelle pr\u00e8s de l&#039;Alhambra et de l&#039;h\u00f4pital Vithas \u00e0 Grenade. Chambre simple bon march\u00e9 \u00e0 l&#039;h\u00f4tel Albero.\" \/>\n<meta name=\"robots\" content=\"index, follow, max-snippet:-1, max-image-preview:large, max-video-preview:-1\" \/>\n<link rel=\"canonical\" href=\"https:\/\/www.hotelalbero.com\/fr\/chambre-individuelle\/\" \/>\n<meta property=\"og:locale\" content=\"fr_FR\" \/>\n<meta property=\"og:type\" content=\"article\" \/>\n<meta property=\"og:title\" content=\"Chambre Individuelle - Hotel Albero\" \/>\n<meta property=\"og:description\" content=\"Chambre individuelle pr\u00e8s de l&#039;Alhambra et de l&#039;h\u00f4pital Vithas \u00e0 Grenade. Chambre simple bon march\u00e9 \u00e0 l&#039;h\u00f4tel Albero.\" \/>\n<meta property=\"og:url\" content=\"https:\/\/www.hotelalbero.com\/fr\/chambre-individuelle\/\" \/>\n<meta property=\"og:site_name\" content=\"Hotel Albero\" \/>\n<meta property=\"article:modified_time\" content=\"2025-09-01T13:11:37+00:00\" \/>\n<meta name=\"twitter:card\" content=\"summary_large_image\" \/>\n<meta name=\"twitter:label1\" content=\"Dur\u00e9e de lecture estim\u00e9e\" \/>\n\t<meta name=\"twitter:data1\" content=\"6 minutes\" \/>\n<script type=\"application\/ld+json\" class=\"yoast-schema-graph\">{\"@context\":\"https:\/\/schema.org\",\"@graph\":[{\"@type\":\"WebPage\",\"@id\":\"https:\/\/www.hotelalbero.com\/fr\/chambre-individuelle\/\",\"url\":\"https:\/\/www.hotelalbero.com\/fr\/chambre-individuelle\/\",\"name\":\"Chambre Individuelle - Hotel Albero\",\"isPartOf\":{\"@id\":\"https:\/\/www.hotelalbero.com\/fr\/#website\"},\"datePublished\":\"2019-10-14T19:46:25+00:00\",\"dateModified\":\"2025-09-01T13:11:37+00:00\",\"description\":\"Chambre individuelle pr\u00e8s de l'Alhambra et de l'h\u00f4pital Vithas \u00e0 Grenade. Chambre simple bon march\u00e9 \u00e0 l'h\u00f4tel Albero.\",\"breadcrumb\":{\"@id\":\"https:\/\/www.hotelalbero.com\/fr\/chambre-individuelle\/#breadcrumb\"},\"inLanguage\":\"fr-FR\",\"potentialAction\":[{\"@type\":\"ReadAction\",\"target\":[\"https:\/\/www.hotelalbero.com\/fr\/chambre-individuelle\/\"]}]},{\"@type\":\"BreadcrumbList\",\"@id\":\"https:\/\/www.hotelalbero.com\/fr\/chambre-individuelle\/#breadcrumb\",\"itemListElement\":[{\"@type\":\"ListItem\",\"position\":1,\"name\":\"Portada\",\"item\":\"https:\/\/www.hotelalbero.com\/fr\/\"},{\"@type\":\"ListItem\",\"position\":2,\"name\":\"Chambre Individuelle\"}]},{\"@type\":\"WebSite\",\"@id\":\"https:\/\/www.hotelalbero.com\/fr\/#website\",\"url\":\"https:\/\/www.hotelalbero.com\/fr\/\",\"name\":\"Hotel Albero\",\"description\":\"Ideal para aquellos que piensan que sencillez, limpieza y buena comunicaci\u00f3n son la clave para una estancia perfecta\",\"publisher\":{\"@id\":\"https:\/\/www.hotelalbero.com\/fr\/#organization\"},\"potentialAction\":[{\"@type\":\"SearchAction\",\"target\":{\"@type\":\"EntryPoint\",\"urlTemplate\":\"https:\/\/www.hotelalbero.com\/fr\/?s={search_term_string}\"},\"query-input\":{\"@type\":\"PropertyValueSpecification\",\"valueRequired\":true,\"valueName\":\"search_term_string\"}}],\"inLanguage\":\"fr-FR\"},{\"@type\":\"Organization\",\"@id\":\"https:\/\/www.hotelalbero.com\/fr\/#organization\",\"name\":\"Hotel Albero\",\"url\":\"https:\/\/www.hotelalbero.com\/fr\/\",\"logo\":{\"@type\":\"ImageObject\",\"inLanguage\":\"fr-FR\",\"@id\":\"https:\/\/www.hotelalbero.com\/fr\/#\/schema\/logo\/image\/\",\"url\":\"https:\/\/www.hotelalbero.com\/wp-content\/uploads\/2019\/06\/alberowebinicio.png\",\"contentUrl\":\"https:\/\/www.hotelalbero.com\/wp-content\/uploads\/2019\/06\/alberowebinicio.png\",\"width\":3000,\"height\":1643,\"caption\":\"Hotel Albero\"},\"image\":{\"@id\":\"https:\/\/www.hotelalbero.com\/fr\/#\/schema\/logo\/image\/\"}}]}<\/script>\n<!-- \/ Yoast SEO plugin. -->","yoast_head_json":{"title":"Chambre Individuelle - Hotel Albero","description":"Chambre individuelle pr\u00e8s de l'Alhambra et de l'h\u00f4pital Vithas \u00e0 Grenade. Chambre simple bon march\u00e9 \u00e0 l'h\u00f4tel Albero.","robots":{"index":"index","follow":"follow","max-snippet":"max-snippet:-1","max-image-preview":"max-image-preview:large","max-video-preview":"max-video-preview:-1"},"canonical":"https:\/\/www.hotelalbero.com\/fr\/chambre-individuelle\/","og_locale":"fr_FR","og_type":"article","og_title":"Chambre Individuelle - Hotel Albero","og_description":"Chambre individuelle pr\u00e8s de l'Alhambra et de l'h\u00f4pital Vithas \u00e0 Grenade. Chambre simple bon march\u00e9 \u00e0 l'h\u00f4tel Albero.","og_url":"https:\/\/www.hotelalbero.com\/fr\/chambre-individuelle\/","og_site_name":"Hotel Albero","article_modified_time":"2025-09-01T13:11:37+00:00","twitter_card":"summary_large_image","twitter_misc":{"Dur\u00e9e de lecture estim\u00e9e":"6 minutes"},"schema":{"@context":"https:\/\/schema.org","@graph":[{"@type":"WebPage","@id":"https:\/\/www.hotelalbero.com\/fr\/chambre-individuelle\/","url":"https:\/\/www.hotelalbero.com\/fr\/chambre-individuelle\/","name":"Chambre Individuelle - Hotel Albero","isPartOf":{"@id":"https:\/\/www.hotelalbero.com\/fr\/#website"},"datePublished":"2019-10-14T19:46:25+00:00","dateModified":"2025-09-01T13:11:37+00:00","description":"Chambre individuelle pr\u00e8s de l'Alhambra et de l'h\u00f4pital Vithas \u00e0 Grenade. Chambre simple bon march\u00e9 \u00e0 l'h\u00f4tel Albero.","breadcrumb":{"@id":"https:\/\/www.hotelalbero.com\/fr\/chambre-individuelle\/#breadcrumb"},"inLanguage":"fr-FR","potentialAction":[{"@type":"ReadAction","target":["https:\/\/www.hotelalbero.com\/fr\/chambre-individuelle\/"]}]},{"@type":"BreadcrumbList","@id":"https:\/\/www.hotelalbero.com\/fr\/chambre-individuelle\/#breadcrumb","itemListElement":[{"@type":"ListItem","position":1,"name":"Portada","item":"https:\/\/www.hotelalbero.com\/fr\/"},{"@type":"ListItem","position":2,"name":"Chambre Individuelle"}]},{"@type":"WebSite","@id":"https:\/\/www.hotelalbero.com\/fr\/#website","url":"https:\/\/www.hotelalbero.com\/fr\/","name":"Hotel Albero","description":"Ideal para aquellos que piensan que sencillez, limpieza y buena comunicaci\u00f3n son la clave para una estancia perfecta","publisher":{"@id":"https:\/\/www.hotelalbero.com\/fr\/#organization"},"potentialAction":[{"@type":"SearchAction","target":{"@type":"EntryPoint","urlTemplate":"https:\/\/www.hotelalbero.com\/fr\/?s={search_term_string}"},"query-input":{"@type":"PropertyValueSpecification","valueRequired":true,"valueName":"search_term_string"}}],"inLanguage":"fr-FR"},{"@type":"Organization","@id":"https:\/\/www.hotelalbero.com\/fr\/#organization","name":"Hotel Albero","url":"https:\/\/www.hotelalbero.com\/fr\/","logo":{"@type":"ImageObject","inLanguage":"fr-FR","@id":"https:\/\/www.hotelalbero.com\/fr\/#\/schema\/logo\/image\/","url":"https:\/\/www.hotelalbero.com\/wp-content\/uploads\/2019\/06\/alberowebinicio.png","contentUrl":"https:\/\/www.hotelalbero.com\/wp-content\/uploads\/2019\/06\/alberowebinicio.png","width":3000,"height":1643,"caption":"Hotel Albero"},"image":{"@id":"https:\/\/www.hotelalbero.com\/fr\/#\/schema\/logo\/image\/"}}]}},"_links":{"self":[{"href":"https:\/\/www.hotelalbero.com\/fr\/wp-json\/wp\/v2\/pages\/1383"}],"collection":[{"href":"https:\/\/www.hotelalbero.com\/fr\/wp-json\/wp\/v2\/pages"}],"about":[{"href":"https:\/\/www.hotelalbero.com\/fr\/wp-json\/wp\/v2\/types\/page"}],"author":[{"embeddable":true,"href":"https:\/\/www.hotelalbero.com\/fr\/wp-json\/wp\/v2\/users\/1"}],"replies":[{"embeddable":true,"href":"https:\/\/www.hotelalbero.com\/fr\/wp-json\/wp\/v2\/comments?post=1383"}],"version-history":[{"count":8,"href":"https:\/\/www.hotelalbero.com\/fr\/wp-json\/wp\/v2\/pages\/1383\/revisions"}],"predecessor-version":[{"id":2115,"href":"https:\/\/www.hotelalbero.com\/fr\/wp-json\/wp\/v2\/pages\/1383\/revisions\/2115"}],"wp:attachment":[{"href":"https:\/\/www.hotelalbero.com\/fr\/wp-json\/wp\/v2\/media?parent=1383"}],"curies":[{"name":"wp","href":"https:\/\/api.w.org\/{rel}","templated":true}]}}