{"id":1393,"date":"2019-10-14T21:51:03","date_gmt":"2019-10-14T19:51:03","guid":{"rendered":"https:\/\/www.hotelalbero.com\/politique-de-confidentialite\/"},"modified":"2026-02-08T14:08:54","modified_gmt":"2026-02-08T13:08:54","slug":"politique-de-confidentialite","status":"publish","type":"page","link":"https:\/\/www.hotelalbero.com\/fr\/politique-de-confidentialite\/","title":{"rendered":"Politique de confidentialit\u00e9"},"content":{"rendered":"<p>[et_pb_section fb_built=\u00a0\u00bb1&Prime; _builder_version=\u00a0\u00bb4.16&Prime; global_colors_info=\u00a0\u00bb{}\u00a0\u00bb][et_pb_row _builder_version=\u00a0\u00bb4.16&Prime; background_size=\u00a0\u00bbinitial\u00a0\u00bb background_position=\u00a0\u00bbtop_left\u00a0\u00bb background_repeat=\u00a0\u00bbrepeat\u00a0\u00bb global_colors_info=\u00a0\u00bb{}\u00a0\u00bb][et_pb_column type=\u00a0\u00bb4_4&Prime; _builder_version=\u00a0\u00bb4.16&Prime; custom_padding=\u00a0\u00bb|||\u00a0\u00bb global_colors_info=\u00a0\u00bb{}\u00a0\u00bb custom_padding__hover=\u00a0\u00bb|||\u00a0\u00bb][et_pb_text _builder_version=\u00a0\u00bb4.27.4&Prime; text_font=\u00a0\u00bb||||||||\u00a0\u00bb text_font_size=\u00a0\u00bb16px\u00a0\u00bb text_line_height=\u00a0\u00bb1.8em\u00a0\u00bb background_size=\u00a0\u00bbinitial\u00a0\u00bb background_position=\u00a0\u00bbtop_left\u00a0\u00bb background_repeat=\u00a0\u00bbrepeat\u00a0\u00bb hover_enabled=\u00a0\u00bb0&Prime; global_colors_info=\u00a0\u00bb{}\u00a0\u00bb sticky_enabled=\u00a0\u00bb0&Prime;]<\/p>\n<p>POLITIQUE DE PROTECTION DE LA VIE PRIV\u00c9E ET DES DONN\u00c9ES<\/p>\n<p>1 &#8211; Informations sur le responsable du traitement des donn\u00e9es personnelles :<br \/>Conform\u00e9ment \u00e0 l&rsquo;article 10 de la loi 34\/2002, du 11 juillet, sur les services de la soci\u00e9t\u00e9 de l&rsquo;information et le commerce \u00e9lectronique, il est indiqu\u00e9 ci-apr\u00e8s :<br \/>Le responsable du traitement des donn\u00e9es collect\u00e9es sur le site http:\/\/www.hotelalbero.com est Titulaire : M\u00aa ANGELES NAVARRO QUIRANTE (HOTEL ALBERO), (ci-apr\u00e8s \u00ab\u00a0http:\/\/www.hotelalbero.com\u00a0\u00bb) au CIF\/NIF : 74673128V, demeurant \u00e0 : Avda Santa Mar\u00eda de la Alhambra, n\u00ba4, 18008 Grenade, Espagne.<br \/>Vous pouvez contacter M\u00aa ANGELES NAVARRO QUIRANTE (HOTEL ALBERO), pour tout aspect relatif \u00e0 cette politique de confidentialit\u00e9, \u00e0 l&rsquo;adresse e-mail suivante : <span>alberogranada@gmail.com<\/span><\/p>\n<p>2 &#8211; Collecte, traitement et utilisation des donn\u00e9es personnelles sur le site web.<br \/>Bas\u00e9 sur les dispositions du R\u00e8glement G\u00e9n\u00e9ral de Protection des Donn\u00e9es 2016\/679 et de la Loi Organique 3\/2018 sur la Protection des Donn\u00e9es Personnelles et la Garantie des Droits Num\u00e9riques. (RGPD) nous vous informons que pour pouvoir utiliser certains des services offerts par notre site web, il peut \u00eatre n\u00e9cessaire que vous nous fournissiez certaines donn\u00e9es personnelles qui seront int\u00e9gr\u00e9es dans des fichiers automatis\u00e9s.<br \/>Conform\u00e9ment aux nouvelles dispositions du R\u00e8glement (UE) 2016\/679 du Parlement europ\u00e9en et du Conseil du 27 avril 2016, dont les r\u00e8gles seront contraignantes \u00e0 partir de mai 2018, relatives \u00e0 la protection des personnes physiques \u00e0 l&rsquo;\u00e9gard du traitement des donn\u00e9es personnelles et \u00e0 la libre circulation de ces donn\u00e9es et abrogeant la directive 95\/46\/CE (R\u00e8glement g\u00e9n\u00e9ral sur la protection des donn\u00e9es), nous informons que le contr\u00f4leur des donn\u00e9es est http:\/\/www.hotelalbero.com avec si\u00e8ge \u00e0 Circunvalaci\u00f3n de la encina n\u00b0 23, Granada.<br \/>En g\u00e9n\u00e9ral, les donn\u00e9es recueillies seront trait\u00e9es dans le but de fournir des services offerts par l&rsquo;interm\u00e9diaire du Web ou d&rsquo;autres types de relations qui peuvent survenir avec http:\/\/www.hotelalbero.com \u00e0 la suite de demandes, formalit\u00e9s ou formalit\u00e9s que l&rsquo;utilisateur effectue par le biais du Web. Les donn\u00e9es objet du traitement seront celles que vous nous facilitez \u00e0 travers les formulaires que la page contient \u00e0 tout moment ou \u00e0 travers les courriers \u00e9lectroniques que l&rsquo;Utilisateur dirige vers les adresses de courrier \u00e9lectronique identifi\u00e9es dans le m\u00eame, ainsi que les autres qui sont g\u00e9n\u00e9r\u00e9s pendant le maintien de la relation correspondante.<br \/>Tous les champs indiqu\u00e9s comme obligatoires dans l&rsquo;un des formulaires doivent \u00eatre remplis, de telle sorte que l&rsquo;omission de l&rsquo;un d&rsquo;entre eux puisse nous emp\u00eacher de r\u00e9pondre \u00e0 votre demande ou de vous fournir les services correspondants.<br \/>De plus, au cours de cette collecte de donn\u00e9es, il est possible que votre consentement soit demand\u00e9 pour une autre s\u00e9rie de raisons qui ne sont pas directement li\u00e9es au service ou \u00e0 la relation correspondante. Si vous n&rsquo;\u00eates pas d&rsquo;accord avec ces traitements suppl\u00e9mentaires, veuillez cocher la case appropri\u00e9e.<\/p>\n<p>3 &#8211; Finalit\u00e9 du traitement des donn\u00e9es personnelles :<br \/>3.1 Dans quel but traitons-nous vos donn\u00e9es personnelles ?<br \/>Dans http:\/\/www.hotelalbero.com nous traiterons vos donn\u00e9es personnelles, recueillies par l&rsquo;interm\u00e9diaire du site Web avec les fins suivantes :<br \/>&#8211; Envoi des informations demand\u00e9es par le biais des formulaires disponibles sur le site Web.<br \/>&#8211; Envoi des messages correspondants et des messages vid\u00e9o pr\u00e9alablement autoris\u00e9s par le propri\u00e9taire.<br \/>Nous vous rappelons que vous pouvez vous opposer \u00e0 l&rsquo;envoi de communications commerciales par tout moyen et \u00e0 tout moment, en envoyant un email \u00e0 l&rsquo;adresse indiqu\u00e9e ci-dessus.<br \/>Les champs de ces enregistrements sont obligatoires, car il est impossible d&rsquo;effectuer les finalit\u00e9s exprim\u00e9es si ces donn\u00e9es ne sont pas fournies.<br \/>3.2 Combien de temps les donn\u00e9es personnelles collect\u00e9es seront-elles conserv\u00e9es ?<br \/>Les donn\u00e9es personnelles fournies seront conserv\u00e9es aussi longtemps que la relation commerciale est maintenue ou que vous ne demandez pas leur suppression et pour la p\u00e9riode pendant laquelle la responsabilit\u00e9 l\u00e9gale des services fournis peut \u00eatre engag\u00e9e.<\/p>\n<p>4 &#8211; L\u00e9gitimation :<br \/>Le traitement de vos donn\u00e9es s&rsquo;effectue avec les bases l\u00e9gales suivantes qui le l\u00e9gitiment :<br \/>&#8211; La demande d&rsquo;information et\/ou l&rsquo;engagement des services de http:\/\/www.hotelalbero.com, dont les termes et conditions seront mis \u00e0 votre disposition dans tous les cas, pr\u00e9alablement \u00e0 tout engagement \u00e9ventuel.<br \/>&#8211; Consentement libre, sp\u00e9cifique, \u00e9clair\u00e9 et sans \u00e9quivoque, dans la mesure o\u00f9 nous vous informons en mettant \u00e0 votre disposition la pr\u00e9sente politique de confidentialit\u00e9, que, apr\u00e8s l&rsquo;avoir lue, si vous l&rsquo;acceptez, vous pouvez accepter au moyen d&rsquo;une d\u00e9claration ou d&rsquo;une action positive claire, telle que cocher une case pr\u00e9vue \u00e0 cette fin.<br \/>Si vous ne nous communiquez pas vos donn\u00e9es ou si vous le faites de mani\u00e8re incorrecte ou incompl\u00e8te, nous ne serons pas en mesure de r\u00e9pondre \u00e0 votre demande, ce qui est totalement impossible.<\/p>\n<p>&nbsp;<\/p>\n<p>[\/et_pb_text][\/et_pb_column][\/et_pb_row][\/et_pb_section]<\/p>\n","protected":false},"excerpt":{"rendered":"<p>POLITIQUE DE PROTECTION DE LA VIE PRIV\u00c9E ET DES DONN\u00c9ES 1 &#8211; Informations sur le responsable du traitement des donn\u00e9es personnelles :Conform\u00e9ment \u00e0 l&rsquo;article 10 de la loi 34\/2002, du 11 juillet, sur les services de la soci\u00e9t\u00e9 de l&rsquo;information et le commerce \u00e9lectronique, il est indiqu\u00e9 ci-apr\u00e8s :Le responsable du traitement des donn\u00e9es collect\u00e9es [&hellip;]<\/p>\n","protected":false},"author":1,"featured_media":0,"parent":0,"menu_order":0,"comment_status":"closed","ping_status":"open","template":"","meta":{"_et_pb_use_builder":"on","_et_pb_old_content":"<!-- wp:heading -->\n<h2>Qui\u00e9nes somos<\/h2>\n<!-- \/wp:heading -->\n\n<!-- wp:paragraph -->\n<p>La direcci\u00f3n de nuestra web es: http:\/\/www.hotelalbero.com.<\/p>\n<!-- \/wp:paragraph -->\n\n<!-- wp:heading -->\n<h2>Qu\u00e9 datos personales recogemos y por qu\u00e9 los recogemos<\/h2>\n<!-- \/wp:heading -->\n\n<!-- wp:heading {\"level\":3} -->\n<h3>Comentarios<\/h3>\n<!-- \/wp:heading -->\n\n<!-- wp:paragraph -->\n<p>Cuando los visitantes dejan comentarios en la web, recopilamos los datos que se muestran en el formulario de comentarios, as\u00ed como la direcci\u00f3n IP del visitante y la cadena de agentes de usuario del navegador para ayudar a la detecci\u00f3n de spam.<\/p>\n<!-- \/wp:paragraph -->\n\n<!-- wp:paragraph -->\n<p>Una cadena an\u00f3nima creada a partir de tu direcci\u00f3n de correo electr\u00f3nico (tambi\u00e9n llamada hash) puede ser proporcionada al servicio de Gravatar para ver si la est\u00e1s usando. La pol\u00edtica de privacidad del servicio Gravatar est\u00e1 disponible aqu\u00ed: https:\/\/automattic.com\/privacy\/. Despu\u00e9s de la aprobaci\u00f3n de tu comentario, la imagen de tu perfil es visible para el p\u00fablico en el contexto de su comentario.<\/p>\n<!-- \/wp:paragraph -->\n\n<!-- wp:heading {\"level\":3} -->\n<h3>Medios<\/h3>\n<!-- \/wp:heading -->\n\n<!-- wp:paragraph -->\n<p>Si subes im\u00e1genes a la web deber\u00edas evitar subir im\u00e1genes con datos de ubicaci\u00f3n (GPS EXIF) incluidos. Los visitantes de la web pueden descargar y extraer cualquier dato de localizaci\u00f3n de las im\u00e1genes de la web.<\/p>\n<!-- \/wp:paragraph -->\n\n<!-- wp:heading {\"level\":3} -->\n<h3>Formularios de contacto<\/h3>\n<!-- \/wp:heading -->\n\n<!-- wp:heading {\"level\":3} -->\n<h3>Cookies<\/h3>\n<!-- \/wp:heading -->\n\n<!-- wp:paragraph -->\n<p>Si dejas un comentario en nuestro sitio puedes elegir guardar tu nombre, direcci\u00f3n de correo electr\u00f3nico y web en cookies. Esto es para tu comodidad, para que no tengas que volver a rellenar tus datos cuando dejes otro comentario. Estas cookies tendr\u00e1n una duraci\u00f3n de un a\u00f1o.<\/p>\n<!-- \/wp:paragraph -->\n\n<!-- wp:paragraph -->\n<p>Si tienes una cuenta y te conectas a este sitio, instalaremos una cookie temporal para determinar si tu navegador acepta cookies. Esta cookie no contiene datos personales y se elimina al cerrar el navegador.<\/p>\n<!-- \/wp:paragraph -->\n\n<!-- wp:paragraph -->\n<p>Cuando inicias sesi\u00f3n, tambi\u00e9n instalaremos varias cookies para guardar tu informaci\u00f3n de inicio de sesi\u00f3n y tus opciones de visualizaci\u00f3n de pantalla. Las cookies de inicio de sesi\u00f3n duran dos d\u00edas, y las cookies de opciones de pantalla duran un a\u00f1o. Si seleccionas \"Recordarme\", tu inicio de sesi\u00f3n perdurar\u00e1 durante dos semanas. Si sales de tu cuenta, las cookies de inicio de sesi\u00f3n se eliminar\u00e1n.<\/p>\n<!-- \/wp:paragraph -->\n\n<!-- wp:paragraph -->\n<p>Si editas o publicas un art\u00edculo se guardar\u00e1 una cookie adicional en tu navegador. Esta cookie no incluye datos personales y simplemente indica el ID del art\u00edculo que acabas de editar. Caduca despu\u00e9s de 1 d\u00eda.<\/p>\n<!-- \/wp:paragraph -->\n\n<!-- wp:heading {\"level\":3} -->\n<h3>Contenido incrustado de otros sitios web<\/h3>\n<!-- \/wp:heading -->\n\n<!-- wp:paragraph -->\n<p>Los art\u00edculos de este sitio pueden incluir contenido incrustado (por ejemplo, v\u00eddeos, im\u00e1genes, art\u00edculos, etc.). El contenido incrustado de otras web se comporta exactamente de la misma manera que si el visitante hubiera visitado la otra web.<\/p>\n<!-- \/wp:paragraph -->\n\n<!-- wp:paragraph -->\n<p>Estas web pueden recopilar datos sobre ti, utilizar cookies, incrustar un seguimiento adicional de terceros, y supervisar tu interacci\u00f3n con ese contenido incrustado, incluido el seguimiento de tu interacci\u00f3n con el contenido incrustado si tienes una cuenta y est\u00e1s conectado a esa web.<\/p>\n<!-- \/wp:paragraph -->\n\n<!-- wp:heading {\"level\":3} -->\n<h3>Anal\u00edtica<\/h3>\n<!-- \/wp:heading -->\n\n<!-- wp:heading -->\n<h2>Con qui\u00e9n compartimos tus datos<\/h2>\n<!-- \/wp:heading -->\n\n<!-- wp:heading -->\n<h2>Cu\u00e1nto tiempo conservamos tus datos<\/h2>\n<!-- \/wp:heading -->\n\n<!-- wp:paragraph -->\n<p>Si dejas un comentario, el comentario y sus metadatos se conservan indefinidamente. Esto es para que podamos reconocer y aprobar comentarios sucesivos autom\u00e1ticamente en lugar de mantenerlos en una cola de moderaci\u00f3n.<\/p>\n<!-- \/wp:paragraph -->\n\n<!-- wp:paragraph -->\n<p>De los usuarios que se registran en nuestra web (si los hay), tambi\u00e9n almacenamos la informaci\u00f3n personal que proporcionan en su perfil de usuario. Todos los usuarios pueden ver, editar o eliminar su informaci\u00f3n personal en cualquier momento (excepto que no pueden cambiar su nombre de usuario). Los administradores de la web tambi\u00e9n pueden ver y editar esa informaci\u00f3n.<\/p>\n<!-- \/wp:paragraph -->\n\n<!-- wp:heading -->\n<h2>Qu\u00e9 derechos tienes sobre tus datos<\/h2>\n<!-- \/wp:heading -->\n\n<!-- wp:paragraph -->\n<p>Si tienes una cuenta o has dejado comentarios en esta web, puedes solicitar recibir un archivo de exportaci\u00f3n de los datos personales que tenemos sobre ti, incluyendo cualquier dato que nos hayas proporcionado. Tambi\u00e9n puedes solicitar que eliminemos cualquier dato personal que tengamos sobre ti. Esto no incluye ning\u00fan dato que estemos obligados a conservar con fines administrativos, legales o de seguridad.<\/p>\n<!-- \/wp:paragraph -->\n\n<!-- wp:heading -->\n<h2>D\u00f3nde enviamos tus datos<\/h2>\n<!-- \/wp:heading -->\n\n<!-- wp:paragraph -->\n<p>Los comentarios de los visitantes puede que los revise un servicio de detecci\u00f3n autom\u00e1tica de spam.<\/p>\n<!-- \/wp:paragraph -->\n\n<!-- wp:heading -->\n<h2>Tu informaci\u00f3n de contacto<\/h2>\n<!-- \/wp:heading -->\n\n<!-- wp:heading -->\n<h2>Informaci\u00f3n adicional<\/h2>\n<!-- \/wp:heading -->\n\n<!-- wp:heading {\"level\":3} -->\n<h3>C\u00f3mo protegemos tus datos<\/h3>\n<!-- \/wp:heading -->\n\n<!-- wp:heading {\"level\":3} -->\n<h3>Qu\u00e9 procedimientos utilizamos contra las brechas de datos<\/h3>\n<!-- \/wp:heading -->\n\n<!-- wp:heading {\"level\":3} -->\n<h3>De qu\u00e9 terceros recibimos datos<\/h3>\n<!-- \/wp:heading -->\n\n<!-- wp:heading {\"level\":3} -->\n<h3>Qu\u00e9 tipo de toma de decisiones automatizada y\/o perfilado hacemos con los datos del usuario<\/h3>\n<!-- \/wp:heading -->\n\n<!-- wp:heading {\"level\":3} -->\n<h3>Requerimientos regulatorios de revelaci\u00f3n de informaci\u00f3n del sector<\/h3>\n<!-- \/wp:heading -->","_et_gb_content_width":"","footnotes":""},"class_list":["post-1393","page","type-page","status-publish","hentry"],"yoast_head":"<!-- This site is optimized with the Yoast SEO plugin v23.8 - https:\/\/yoast.com\/wordpress\/plugins\/seo\/ -->\n<title>Politique de confidentialit\u00e9 - Hotel Albero<\/title>\n<meta name=\"robots\" content=\"index, follow, max-snippet:-1, max-image-preview:large, max-video-preview:-1\" \/>\n<link rel=\"canonical\" href=\"https:\/\/www.hotelalbero.com\/fr\/politique-de-confidentialite\/\" \/>\n<meta property=\"og:locale\" content=\"fr_FR\" \/>\n<meta property=\"og:type\" content=\"article\" \/>\n<meta property=\"og:title\" content=\"Politique de confidentialit\u00e9 - Hotel Albero\" \/>\n<meta property=\"og:description\" content=\"POLITIQUE DE PROTECTION DE LA VIE PRIV\u00c9E ET DES DONN\u00c9ES 1 - Informations sur le responsable du traitement des donn\u00e9es personnelles :Conform\u00e9ment \u00e0 l&#039;article 10 de la loi 34\/2002, du 11 juillet, sur les services de la soci\u00e9t\u00e9 de l&#039;information et le commerce \u00e9lectronique, il est indiqu\u00e9 ci-apr\u00e8s :Le responsable du traitement des donn\u00e9es collect\u00e9es [&hellip;]\" \/>\n<meta property=\"og:url\" content=\"https:\/\/www.hotelalbero.com\/fr\/politique-de-confidentialite\/\" \/>\n<meta property=\"og:site_name\" content=\"Hotel Albero\" \/>\n<meta property=\"article:modified_time\" content=\"2026-02-08T13:08:54+00:00\" \/>\n<meta name=\"twitter:card\" content=\"summary_large_image\" \/>\n<meta name=\"twitter:label1\" content=\"Dur\u00e9e de lecture estim\u00e9e\" \/>\n\t<meta name=\"twitter:data1\" content=\"5 minutes\" \/>\n<script type=\"application\/ld+json\" class=\"yoast-schema-graph\">{\"@context\":\"https:\/\/schema.org\",\"@graph\":[{\"@type\":\"WebPage\",\"@id\":\"https:\/\/www.hotelalbero.com\/fr\/politique-de-confidentialite\/\",\"url\":\"https:\/\/www.hotelalbero.com\/fr\/politique-de-confidentialite\/\",\"name\":\"Politique de confidentialit\u00e9 - Hotel Albero\",\"isPartOf\":{\"@id\":\"https:\/\/www.hotelalbero.com\/fr\/#website\"},\"datePublished\":\"2019-10-14T19:51:03+00:00\",\"dateModified\":\"2026-02-08T13:08:54+00:00\",\"breadcrumb\":{\"@id\":\"https:\/\/www.hotelalbero.com\/fr\/politique-de-confidentialite\/#breadcrumb\"},\"inLanguage\":\"fr-FR\",\"potentialAction\":[{\"@type\":\"ReadAction\",\"target\":[\"https:\/\/www.hotelalbero.com\/fr\/politique-de-confidentialite\/\"]}]},{\"@type\":\"BreadcrumbList\",\"@id\":\"https:\/\/www.hotelalbero.com\/fr\/politique-de-confidentialite\/#breadcrumb\",\"itemListElement\":[{\"@type\":\"ListItem\",\"position\":1,\"name\":\"Portada\",\"item\":\"https:\/\/www.hotelalbero.com\/fr\/\"},{\"@type\":\"ListItem\",\"position\":2,\"name\":\"Politique de confidentialit\u00e9\"}]},{\"@type\":\"WebSite\",\"@id\":\"https:\/\/www.hotelalbero.com\/fr\/#website\",\"url\":\"https:\/\/www.hotelalbero.com\/fr\/\",\"name\":\"Hotel Albero\",\"description\":\"Ideal para aquellos que piensan que sencillez, limpieza y buena comunicaci\u00f3n son la clave para una estancia perfecta\",\"publisher\":{\"@id\":\"https:\/\/www.hotelalbero.com\/fr\/#organization\"},\"potentialAction\":[{\"@type\":\"SearchAction\",\"target\":{\"@type\":\"EntryPoint\",\"urlTemplate\":\"https:\/\/www.hotelalbero.com\/fr\/?s={search_term_string}\"},\"query-input\":{\"@type\":\"PropertyValueSpecification\",\"valueRequired\":true,\"valueName\":\"search_term_string\"}}],\"inLanguage\":\"fr-FR\"},{\"@type\":\"Organization\",\"@id\":\"https:\/\/www.hotelalbero.com\/fr\/#organization\",\"name\":\"Hotel Albero\",\"url\":\"https:\/\/www.hotelalbero.com\/fr\/\",\"logo\":{\"@type\":\"ImageObject\",\"inLanguage\":\"fr-FR\",\"@id\":\"https:\/\/www.hotelalbero.com\/fr\/#\/schema\/logo\/image\/\",\"url\":\"https:\/\/www.hotelalbero.com\/wp-content\/uploads\/2019\/06\/alberowebinicio.png\",\"contentUrl\":\"https:\/\/www.hotelalbero.com\/wp-content\/uploads\/2019\/06\/alberowebinicio.png\",\"width\":3000,\"height\":1643,\"caption\":\"Hotel Albero\"},\"image\":{\"@id\":\"https:\/\/www.hotelalbero.com\/fr\/#\/schema\/logo\/image\/\"}}]}<\/script>\n<!-- \/ Yoast SEO plugin. -->","yoast_head_json":{"title":"Politique de confidentialit\u00e9 - Hotel Albero","robots":{"index":"index","follow":"follow","max-snippet":"max-snippet:-1","max-image-preview":"max-image-preview:large","max-video-preview":"max-video-preview:-1"},"canonical":"https:\/\/www.hotelalbero.com\/fr\/politique-de-confidentialite\/","og_locale":"fr_FR","og_type":"article","og_title":"Politique de confidentialit\u00e9 - Hotel Albero","og_description":"POLITIQUE DE PROTECTION DE LA VIE PRIV\u00c9E ET DES DONN\u00c9ES 1 - Informations sur le responsable du traitement des donn\u00e9es personnelles :Conform\u00e9ment \u00e0 l'article 10 de la loi 34\/2002, du 11 juillet, sur les services de la soci\u00e9t\u00e9 de l'information et le commerce \u00e9lectronique, il est indiqu\u00e9 ci-apr\u00e8s :Le responsable du traitement des donn\u00e9es collect\u00e9es [&hellip;]","og_url":"https:\/\/www.hotelalbero.com\/fr\/politique-de-confidentialite\/","og_site_name":"Hotel Albero","article_modified_time":"2026-02-08T13:08:54+00:00","twitter_card":"summary_large_image","twitter_misc":{"Dur\u00e9e de lecture estim\u00e9e":"5 minutes"},"schema":{"@context":"https:\/\/schema.org","@graph":[{"@type":"WebPage","@id":"https:\/\/www.hotelalbero.com\/fr\/politique-de-confidentialite\/","url":"https:\/\/www.hotelalbero.com\/fr\/politique-de-confidentialite\/","name":"Politique de confidentialit\u00e9 - Hotel Albero","isPartOf":{"@id":"https:\/\/www.hotelalbero.com\/fr\/#website"},"datePublished":"2019-10-14T19:51:03+00:00","dateModified":"2026-02-08T13:08:54+00:00","breadcrumb":{"@id":"https:\/\/www.hotelalbero.com\/fr\/politique-de-confidentialite\/#breadcrumb"},"inLanguage":"fr-FR","potentialAction":[{"@type":"ReadAction","target":["https:\/\/www.hotelalbero.com\/fr\/politique-de-confidentialite\/"]}]},{"@type":"BreadcrumbList","@id":"https:\/\/www.hotelalbero.com\/fr\/politique-de-confidentialite\/#breadcrumb","itemListElement":[{"@type":"ListItem","position":1,"name":"Portada","item":"https:\/\/www.hotelalbero.com\/fr\/"},{"@type":"ListItem","position":2,"name":"Politique de confidentialit\u00e9"}]},{"@type":"WebSite","@id":"https:\/\/www.hotelalbero.com\/fr\/#website","url":"https:\/\/www.hotelalbero.com\/fr\/","name":"Hotel Albero","description":"Ideal para aquellos que piensan que sencillez, limpieza y buena comunicaci\u00f3n son la clave para una estancia perfecta","publisher":{"@id":"https:\/\/www.hotelalbero.com\/fr\/#organization"},"potentialAction":[{"@type":"SearchAction","target":{"@type":"EntryPoint","urlTemplate":"https:\/\/www.hotelalbero.com\/fr\/?s={search_term_string}"},"query-input":{"@type":"PropertyValueSpecification","valueRequired":true,"valueName":"search_term_string"}}],"inLanguage":"fr-FR"},{"@type":"Organization","@id":"https:\/\/www.hotelalbero.com\/fr\/#organization","name":"Hotel Albero","url":"https:\/\/www.hotelalbero.com\/fr\/","logo":{"@type":"ImageObject","inLanguage":"fr-FR","@id":"https:\/\/www.hotelalbero.com\/fr\/#\/schema\/logo\/image\/","url":"https:\/\/www.hotelalbero.com\/wp-content\/uploads\/2019\/06\/alberowebinicio.png","contentUrl":"https:\/\/www.hotelalbero.com\/wp-content\/uploads\/2019\/06\/alberowebinicio.png","width":3000,"height":1643,"caption":"Hotel Albero"},"image":{"@id":"https:\/\/www.hotelalbero.com\/fr\/#\/schema\/logo\/image\/"}}]}},"_links":{"self":[{"href":"https:\/\/www.hotelalbero.com\/fr\/wp-json\/wp\/v2\/pages\/1393"}],"collection":[{"href":"https:\/\/www.hotelalbero.com\/fr\/wp-json\/wp\/v2\/pages"}],"about":[{"href":"https:\/\/www.hotelalbero.com\/fr\/wp-json\/wp\/v2\/types\/page"}],"author":[{"embeddable":true,"href":"https:\/\/www.hotelalbero.com\/fr\/wp-json\/wp\/v2\/users\/1"}],"replies":[{"embeddable":true,"href":"https:\/\/www.hotelalbero.com\/fr\/wp-json\/wp\/v2\/comments?post=1393"}],"version-history":[{"count":2,"href":"https:\/\/www.hotelalbero.com\/fr\/wp-json\/wp\/v2\/pages\/1393\/revisions"}],"predecessor-version":[{"id":2139,"href":"https:\/\/www.hotelalbero.com\/fr\/wp-json\/wp\/v2\/pages\/1393\/revisions\/2139"}],"wp:attachment":[{"href":"https:\/\/www.hotelalbero.com\/fr\/wp-json\/wp\/v2\/media?parent=1393"}],"curies":[{"name":"wp","href":"https:\/\/api.w.org\/{rel}","templated":true}]}}